{"id":466,"date":"2024-03-08T00:45:58","date_gmt":"2024-03-07T23:45:58","guid":{"rendered":"https:\/\/spivakcreaciones.com\/?page_id=466"},"modified":"2024-03-31T23:53:17","modified_gmt":"2024-03-31T22:53:17","slug":"diseno-web","status":"publish","type":"page","link":"https:\/\/spivakcreaciones.com\/index.php\/diseno-web\/","title":{"rendered":"Dise\u00f1o Web"},"content":{"rendered":"<p>[et_pb_section fb_built=\u00bb1&#8243; admin_label=\u00bbHero\u00bb _builder_version=\u00bb4.16&#8243; background_color=\u00bb#fcd21d\u00bb background_image=\u00bbhttps:\/\/spivakcreaciones.com\/wp-content\/uploads\/2023\/02\/circle-background-pattern.png\u00bb custom_padding=\u00bb67px|0px|67.1875px|0px|false|false\u00bb animation_style=\u00bbzoom\u00bb animation_intensity_zoom=\u00bb4%\u00bb global_colors_info=\u00bb{}\u00bb][et_pb_row _builder_version=\u00bb4.24.2&#8243; custom_padding=\u00bb|||\u00bb animation_style=\u00bbslide\u00bb animation_direction=\u00bbtop\u00bb animation_intensity_slide=\u00bb3%\u00bb global_colors_info=\u00bb{}\u00bb][et_pb_column type=\u00bb4_4&#8243; _builder_version=\u00bb4.16&#8243; custom_padding=\u00bb|||\u00bb global_colors_info=\u00bb{}\u00bb custom_padding__hover=\u00bb|||\u00bb][et_pb_text _builder_version=\u00bb4.24.2&#8243; text_font=\u00bb||||||||\u00bb header_font=\u00bbMontserrat|700||on|||||\u00bb header_text_color=\u00bb#f7f7f7&#8243; header_font_size=\u00bb45px\u00bb header_line_height=\u00bb1.3em\u00bb custom_margin=\u00bb|||\u00bb animation_style=\u00bbfade\u00bb header_font_size_tablet=\u00bb45px\u00bb header_font_size_phone=\u00bb30px\u00bb header_font_size_last_edited=\u00bbon|phone\u00bb locked=\u00bboff\u00bb global_colors_info=\u00bb{}\u00bb]<\/p>\n<h1><span style=\"color: #353740;\">DISE\u00d1O web<\/span><\/h1>\n<p>[\/et_pb_text][\/et_pb_column][\/et_pb_row][\/et_pb_section][et_pb_section fb_built=\u00bb1&#8243; admin_label=\u00bbCase Study Text\u00bb _builder_version=\u00bb4.24.2&#8243; custom_margin=\u00bb-10px|||||\u00bb custom_padding=\u00bb15px||30px|||\u00bb global_colors_info=\u00bb{}\u00bb][et_pb_row column_structure=\u00bb3_5,2_5&#8243; _builder_version=\u00bb4.16&#8243; min_height=\u00bb175.6px\u00bb custom_padding=\u00bb||25px|||\u00bb animation_style=\u00bbfade\u00bb global_colors_info=\u00bb{}\u00bb][et_pb_column type=\u00bb3_5&#8243; _builder_version=\u00bb4.16&#8243; custom_padding=\u00bb|||\u00bb global_colors_info=\u00bb{}\u00bb custom_padding__hover=\u00bb|||\u00bb][et_pb_text _builder_version=\u00bb4.24.2&#8243; text_font=\u00bbMontserrat||||\u00bb text_text_color=\u00bb#353740&#8243; text_font_size=\u00bb19px\u00bb text_line_height=\u00bb1.8em\u00bb animation_style=\u00bbflip\u00bb animation_intensity_flip=\u00bb20%\u00bb global_colors_info=\u00bb{}\u00bb]<\/p>\n<p>\u00bfQuieres una p\u00e1gina web? \u00a1Te ayudamos a tener la tuya! Dise\u00f1o moderno, pr\u00e1ctico y adaptado al m\u00f3vil.<\/p>\n<p>[\/et_pb_text][\/et_pb_column][et_pb_column type=\u00bb2_5&#8243; _builder_version=\u00bb4.16&#8243; custom_padding=\u00bb|||\u00bb global_colors_info=\u00bb{}\u00bb custom_padding__hover=\u00bb|||\u00bb][et_pb_text _builder_version=\u00bb4.24.2&#8243; text_font=\u00bbMontserrat||||\u00bb text_text_color=\u00bb#747d88&#8243; text_font_size=\u00bb16px\u00bb text_line_height=\u00bb1.8em\u00bb header_font=\u00bb||||||||\u00bb header_4_font=\u00bbMontserrat|600|||||||\u00bb header_4_font_size=\u00bb22px\u00bb custom_margin=\u00bb||18px|||\u00bb animation_style=\u00bbfade\u00bb locked=\u00bboff\u00bb global_colors_info=\u00bb{}\u00bb]<\/p>\n<h4>Cu\u00e9ntanos tu idea<\/h4>\n<p>Renueva tu negocio<\/p>\n<p>[\/et_pb_text][\/et_pb_column][\/et_pb_row][et_pb_row column_structure=\u00bb1_3,1_3,1_3&#8243; _builder_version=\u00bb4.24.2&#8243; _module_preset=\u00bbdefault\u00bb global_colors_info=\u00bb{}\u00bb][et_pb_column type=\u00bb1_3&#8243; _builder_version=\u00bb4.24.2&#8243; _module_preset=\u00bbdefault\u00bb global_colors_info=\u00bb{}\u00bb][et_pb_image src=\u00bbhttps:\/\/spivakcreaciones.com\/wp-content\/uploads\/2024\/03\/diseno-web-1.jpg\u00bb alt=\u00bbdise\u00f1o web\u00bb title_text=\u00bbdise\u00f1o web 1&#8243; _builder_version=\u00bb4.24.2&#8243; _module_preset=\u00bbdefault\u00bb hover_enabled=\u00bb0&#8243; global_colors_info=\u00bb{}\u00bb url=\u00bbhttps:\/\/cimientop.com\/es\/\u00bb sticky_enabled=\u00bb0&#8243;][\/et_pb_image][\/et_pb_column][et_pb_column type=\u00bb1_3&#8243; _builder_version=\u00bb4.24.2&#8243; _module_preset=\u00bbdefault\u00bb global_colors_info=\u00bb{}\u00bb][et_pb_image src=\u00bbhttps:\/\/spivakcreaciones.com\/wp-content\/uploads\/2024\/03\/diseno-web-2.jpg\u00bb title_text=\u00bbdise\u00f1o web 2&#8243; _builder_version=\u00bb4.24.2&#8243; _module_preset=\u00bbdefault\u00bb hover_enabled=\u00bb0&#8243; global_colors_info=\u00bb{}\u00bb url=\u00bbhttps:\/\/pipazze.es\/\u00bb sticky_enabled=\u00bb0&#8243;][\/et_pb_image][\/et_pb_column][et_pb_column type=\u00bb1_3&#8243; _builder_version=\u00bb4.24.2&#8243; _module_preset=\u00bbdefault\u00bb global_colors_info=\u00bb{}\u00bb][et_pb_image src=\u00bbhttps:\/\/spivakcreaciones.com\/wp-content\/uploads\/2024\/03\/diseno-web-3.jpg\u00bb alt=\u00bbdise\u00f1o web 3&#8243; title_text=\u00bbdise\u00f1o web 3&#8243; _builder_version=\u00bb4.24.2&#8243; _module_preset=\u00bbdefault\u00bb hover_enabled=\u00bb0&#8243; global_colors_info=\u00bb{}\u00bb sticky_enabled=\u00bb0&#8243; url=\u00bbhttps:\/\/srdgesta.com\/\u00bb][\/et_pb_image][\/et_pb_column][\/et_pb_row][et_pb_row column_structure=\u00bb1_3,1_3,1_3&#8243; _builder_version=\u00bb4.24.2&#8243; _module_preset=\u00bbdefault\u00bb global_colors_info=\u00bb{}\u00bb][et_pb_column type=\u00bb1_3&#8243; _builder_version=\u00bb4.24.2&#8243; _module_preset=\u00bbdefault\u00bb global_colors_info=\u00bb{}\u00bb][et_pb_image src=\u00bbhttps:\/\/spivakcreaciones.com\/wp-content\/uploads\/2024\/03\/diseno-web-4.jpg\u00bb alt=\u00bbdise\u00f1o web 4&#8243; title_text=\u00bbdise\u00f1o web 4&#8243; _builder_version=\u00bb4.24.2&#8243; _module_preset=\u00bbdefault\u00bb hover_enabled=\u00bb0&#8243; global_colors_info=\u00bb{}\u00bb url=\u00bbhttps:\/\/tagusbuilding.com\/\u00bb sticky_enabled=\u00bb0&#8243;][\/et_pb_image][\/et_pb_column][et_pb_column type=\u00bb1_3&#8243; _builder_version=\u00bb4.24.2&#8243; _module_preset=\u00bbdefault\u00bb global_colors_info=\u00bb{}\u00bb][et_pb_image src=\u00bbhttps:\/\/spivakcreaciones.com\/wp-content\/uploads\/2024\/03\/diseno-web-5.jpg\u00bb alt=\u00bbdise\u00f1o web 5&#8243; title_text=\u00bbdise\u00f1o web 5&#8243; _builder_version=\u00bb4.24.2&#8243; _module_preset=\u00bbdefault\u00bb hover_enabled=\u00bb0&#8243; global_colors_info=\u00bb{}\u00bb url=\u00bbhttp:\/\/energy-power.es\/\u00bb sticky_enabled=\u00bb0&#8243;][\/et_pb_image][\/et_pb_column][et_pb_column type=\u00bb1_3&#8243; _builder_version=\u00bb4.24.2&#8243; _module_preset=\u00bbdefault\u00bb global_colors_info=\u00bb{}\u00bb][et_pb_image src=\u00bbhttps:\/\/spivakcreaciones.com\/wp-content\/uploads\/2024\/03\/diseno-web-6.jpg\u00bb alt=\u00bbdise\u00f1o web 6&#8243; title_text=\u00bbdise\u00f1o web 6&#8243; _builder_version=\u00bb4.24.2&#8243; _module_preset=\u00bbdefault\u00bb hover_enabled=\u00bb0&#8243; global_colors_info=\u00bb{}\u00bb url=\u00bbhttps:\/\/mar-inmobiliaria.com\/\u00bb sticky_enabled=\u00bb0&#8243;][\/et_pb_image][\/et_pb_column][\/et_pb_row][et_pb_row column_structure=\u00bb1_3,1_3,1_3&#8243; _builder_version=\u00bb4.24.2&#8243; _module_preset=\u00bbdefault\u00bb global_colors_info=\u00bb{}\u00bb][et_pb_column type=\u00bb1_3&#8243; _builder_version=\u00bb4.24.2&#8243; _module_preset=\u00bbdefault\u00bb global_colors_info=\u00bb{}\u00bb][\/et_pb_column][et_pb_column type=\u00bb1_3&#8243; _builder_version=\u00bb4.24.2&#8243; _module_preset=\u00bbdefault\u00bb global_colors_info=\u00bb{}\u00bb][et_pb_image src=\u00bbhttps:\/\/spivakcreaciones.com\/wp-content\/uploads\/2024\/03\/diseno-web-7.jpg\u00bb alt=\u00bbdise\u00f1o web 7&#8243; title_text=\u00bbdise\u00f1o web 7&#8243; _builder_version=\u00bb4.24.2&#8243; _module_preset=\u00bbdefault\u00bb hover_enabled=\u00bb0&#8243; global_colors_info=\u00bb{}\u00bb url=\u00bbhttps:\/\/allhomesconsulting.com\/\u00bb sticky_enabled=\u00bb0&#8243;][\/et_pb_image][\/et_pb_column][et_pb_column type=\u00bb1_3&#8243; _builder_version=\u00bb4.24.2&#8243; _module_preset=\u00bbdefault\u00bb global_colors_info=\u00bb{}\u00bb][\/et_pb_column][\/et_pb_row][\/et_pb_section][et_pb_section fb_built=\u00bb1&#8243; admin_label=\u00bbContact Form Section\u00bb _builder_version=\u00bb4.16&#8243; background_color=\u00bb#fcd21d\u00bb custom_padding=\u00bb110px||110px|\u00bb animation_style=\u00bbzoom\u00bb animation_direction=\u00bbbottom\u00bb animation_intensity_zoom=\u00bb10%\u00bb saved_tabs=\u00bball\u00bb global_colors_info=\u00bb{}\u00bb][et_pb_row admin_label=\u00bbService Section Title\u00bb _builder_version=\u00bb4.16&#8243; custom_margin=\u00bb||40px|\u00bb animation_style=\u00bbfade\u00bb animation_direction=\u00bbtop\u00bb locked=\u00bboff\u00bb global_colors_info=\u00bb{}\u00bb][et_pb_column type=\u00bb4_4&#8243; _builder_version=\u00bb4.16&#8243; custom_padding=\u00bb|||\u00bb global_colors_info=\u00bb{}\u00bb custom_padding__hover=\u00bb|||\u00bb][et_pb_text admin_label=\u00bbTitle\u00bb _builder_version=\u00bb4.24.2&#8243; text_font=\u00bbMontserrat||||||||\u00bb text_text_color=\u00bb#747d88&#8243; text_font_size=\u00bb16px\u00bb text_line_height=\u00bb1.9em\u00bb header_font=\u00bb||||||||\u00bb header_2_font=\u00bbMontserrat|700||on|||||\u00bb header_2_font_size=\u00bb33px\u00bb header_2_line_height=\u00bb1.3em\u00bb background_size=\u00bbinitial\u00bb background_position=\u00bbtop_left\u00bb background_repeat=\u00bbrepeat\u00bb text_orientation=\u00bbcenter\u00bb max_width=\u00bb700px\u00bb module_alignment=\u00bbcenter\u00bb animation_style=\u00bbslide\u00bb animation_direction=\u00bbbottom\u00bb animation_intensity_slide=\u00bb4%\u00bb global_colors_info=\u00bb{}\u00bb]<\/p>\n<h2>\u00bfC\u00f3mo contactar con nosotros?<\/h2>\n<h2><span style=\"color: #fff;\">\u00a1Escr\u00edbenos y te visitamos!<\/span><\/h2>\n<p>[\/et_pb_text][et_pb_text admin_label=\u00bbSubtitle\u00bb _builder_version=\u00bb4.24.2&#8243; text_font=\u00bbMontserrat||||\u00bb text_text_color=\u00bb#353740&#8243; text_font_size=\u00bb16px\u00bb text_line_height=\u00bb1.8em\u00bb header_font=\u00bb||||||||\u00bb background_size=\u00bbinitial\u00bb background_position=\u00bbtop_left\u00bb background_repeat=\u00bbrepeat\u00bb text_orientation=\u00bbcenter\u00bb max_width=\u00bb700px\u00bb module_alignment=\u00bbcenter\u00bb custom_margin=\u00bb|||\u00bb animation_style=\u00bbslide\u00bb animation_direction=\u00bbbottom\u00bb animation_delay=\u00bb100ms\u00bb animation_intensity_slide=\u00bb4%\u00bb text_font_size_tablet=\u00bb16px\u00bb text_font_size_phone=\u00bb12px\u00bb text_font_size_last_edited=\u00bbon|desktop\u00bb global_colors_info=\u00bb{}\u00bb]<\/p>\n<p><span>Deja tu mensaje con tu petici\u00f3n o consulta<\/span><br \/><span>y te responderemos lo antes posible<\/span><\/p>\n<p>[\/et_pb_text][\/et_pb_column][\/et_pb_row][et_pb_row admin_label=\u00bbContact Form\u00bb _builder_version=\u00bb4.16&#8243; animation_style=\u00bbfade\u00bb global_colors_info=\u00bb{}\u00bb][et_pb_column type=\u00bb4_4&#8243; _builder_version=\u00bb4.16&#8243; custom_padding=\u00bb|||\u00bb global_colors_info=\u00bb{}\u00bb custom_padding__hover=\u00bb|||\u00bb][et_pb_contact_form captcha=\u00bboff\u00bb submit_button_text=\u00bbEnviar\u00bb module_id=\u00bbet_pb_contact_form_0&#8243; _builder_version=\u00bb4.24.2&#8243; form_field_background_color=\u00bbrgba(255,255,255,0)\u00bb form_field_text_color=\u00bb#353740&#8243; form_field_font=\u00bbMontserrat||||\u00bb form_field_font_size=\u00bb16px\u00bb custom_button=\u00bbon\u00bb button_text_color=\u00bb#ffffff\u00bb button_border_width=\u00bb5px\u00bb button_border_color=\u00bb#ffffff\u00bb button_border_radius=\u00bb100px\u00bb button_letter_spacing=\u00bb2px\u00bb button_font=\u00bbMontserrat|on||on|\u00bb button_icon=\u00bb&#x45;||divi||400&#8243; button_icon_color=\u00bb#ffffff\u00bb max_width=\u00bb800px\u00bb module_alignment=\u00bbcenter\u00bb animation_style=\u00bbfade\u00bb box_shadow_style=\u00bbpreset7&#8243; box_shadow_horizontal=\u00bb0px\u00bb box_shadow_vertical=\u00bb-1px\u00bb box_shadow_color=\u00bbrgba(0,0,0,0.18)\u00bb form_background_color=\u00bbrgba(255,255,255,0)\u00bb global_colors_info=\u00bb{}\u00bb][et_pb_contact_field field_id=\u00bbNombre\u00bb field_title=\u00bbNombre\u00bb fullwidth_field=\u00bbon\u00bb _builder_version=\u00bb4.24.2&#8243; global_colors_info=\u00bb{}\u00bb button_text_size__hover_enabled=\u00bboff\u00bb button_one_text_size__hover_enabled=\u00bboff\u00bb button_two_text_size__hover_enabled=\u00bboff\u00bb button_text_color__hover_enabled=\u00bboff\u00bb button_one_text_color__hover_enabled=\u00bboff\u00bb button_two_text_color__hover_enabled=\u00bboff\u00bb button_border_width__hover_enabled=\u00bboff\u00bb button_one_border_width__hover_enabled=\u00bboff\u00bb button_two_border_width__hover_enabled=\u00bboff\u00bb button_border_color__hover_enabled=\u00bboff\u00bb button_one_border_color__hover_enabled=\u00bboff\u00bb button_two_border_color__hover_enabled=\u00bboff\u00bb button_border_radius__hover_enabled=\u00bboff\u00bb button_one_border_radius__hover_enabled=\u00bboff\u00bb button_two_border_radius__hover_enabled=\u00bboff\u00bb button_letter_spacing__hover_enabled=\u00bboff\u00bb button_one_letter_spacing__hover_enabled=\u00bboff\u00bb button_two_letter_spacing__hover_enabled=\u00bboff\u00bb button_bg_color__hover_enabled=\u00bboff\u00bb button_one_bg_color__hover_enabled=\u00bboff\u00bb button_two_bg_color__hover_enabled=\u00bboff\u00bb][\/et_pb_contact_field][et_pb_contact_field field_id=\u00bbEmail\u00bb field_title=\u00bbEmail\u00bb field_type=\u00bbemail\u00bb fullwidth_field=\u00bbon\u00bb _builder_version=\u00bb4.24.2&#8243; global_colors_info=\u00bb{}\u00bb button_text_size__hover_enabled=\u00bboff\u00bb button_one_text_size__hover_enabled=\u00bboff\u00bb button_two_text_size__hover_enabled=\u00bboff\u00bb button_text_color__hover_enabled=\u00bboff\u00bb button_one_text_color__hover_enabled=\u00bboff\u00bb button_two_text_color__hover_enabled=\u00bboff\u00bb button_border_width__hover_enabled=\u00bboff\u00bb button_one_border_width__hover_enabled=\u00bboff\u00bb button_two_border_width__hover_enabled=\u00bboff\u00bb button_border_color__hover_enabled=\u00bboff\u00bb button_one_border_color__hover_enabled=\u00bboff\u00bb button_two_border_color__hover_enabled=\u00bboff\u00bb button_border_radius__hover_enabled=\u00bboff\u00bb button_one_border_radius__hover_enabled=\u00bboff\u00bb button_two_border_radius__hover_enabled=\u00bboff\u00bb button_letter_spacing__hover_enabled=\u00bboff\u00bb button_one_letter_spacing__hover_enabled=\u00bboff\u00bb button_two_letter_spacing__hover_enabled=\u00bboff\u00bb button_bg_color__hover_enabled=\u00bboff\u00bb button_one_bg_color__hover_enabled=\u00bboff\u00bb button_two_bg_color__hover_enabled=\u00bboff\u00bb][\/et_pb_contact_field][et_pb_contact_field field_id=\u00bbDeja_tu_mensaje\u00bb field_title=\u00bbDeja tu mensaje\u00bb field_type=\u00bbtext\u00bb fullwidth_field=\u00bbon\u00bb _builder_version=\u00bb4.24.2&#8243; custom_margin=\u00bb||60px|\u00bb custom_padding=\u00bb|||\u00bb global_colors_info=\u00bb{}\u00bb button_text_size__hover_enabled=\u00bboff\u00bb button_one_text_size__hover_enabled=\u00bboff\u00bb button_two_text_size__hover_enabled=\u00bboff\u00bb button_text_color__hover_enabled=\u00bboff\u00bb button_one_text_color__hover_enabled=\u00bboff\u00bb button_two_text_color__hover_enabled=\u00bboff\u00bb button_border_width__hover_enabled=\u00bboff\u00bb button_one_border_width__hover_enabled=\u00bboff\u00bb button_two_border_width__hover_enabled=\u00bboff\u00bb button_border_color__hover_enabled=\u00bboff\u00bb button_one_border_color__hover_enabled=\u00bboff\u00bb button_two_border_color__hover_enabled=\u00bboff\u00bb button_border_radius__hover_enabled=\u00bboff\u00bb button_one_border_radius__hover_enabled=\u00bboff\u00bb button_two_border_radius__hover_enabled=\u00bboff\u00bb button_letter_spacing__hover_enabled=\u00bboff\u00bb button_one_letter_spacing__hover_enabled=\u00bboff\u00bb button_two_letter_spacing__hover_enabled=\u00bboff\u00bb button_bg_color__hover_enabled=\u00bboff\u00bb button_one_bg_color__hover_enabled=\u00bboff\u00bb button_two_bg_color__hover_enabled=\u00bboff\u00bb][\/et_pb_contact_field][\/et_pb_contact_form][\/et_pb_column][\/et_pb_row][\/et_pb_section]<\/p>\n","protected":false},"excerpt":{"rendered":"<p>DISE\u00d1O web\u00bfQuieres una p\u00e1gina web? \u00a1Te ayudamos a tener la tuya! Dise\u00f1o moderno, pr\u00e1ctico y adaptado al m\u00f3vil.Cu\u00e9ntanos tu idea Renueva tu negocio\u00bfC\u00f3mo contactar con nosotros? \u00a1Escr\u00edbenos y te visitamos!Deja tu mensaje con tu petici\u00f3n o consultay te responderemos lo antes posible<\/p>\n","protected":false},"author":1,"featured_media":0,"parent":0,"menu_order":0,"comment_status":"closed","ping_status":"closed","template":"","meta":{"_et_pb_use_builder":"on","_et_pb_old_content":"<!-- wp:divi\/placeholder \/-->","_et_gb_content_width":"","om_disable_all_campaigns":false,"_monsterinsights_skip_tracking":false,"_monsterinsights_sitenote_active":false,"_monsterinsights_sitenote_note":"","_monsterinsights_sitenote_category":0,"footnotes":""},"class_list":["post-466","page","type-page","status-publish","hentry"],"aioseo_notices":[],"_links":{"self":[{"href":"https:\/\/spivakcreaciones.com\/index.php\/wp-json\/wp\/v2\/pages\/466","targetHints":{"allow":["GET"]}}],"collection":[{"href":"https:\/\/spivakcreaciones.com\/index.php\/wp-json\/wp\/v2\/pages"}],"about":[{"href":"https:\/\/spivakcreaciones.com\/index.php\/wp-json\/wp\/v2\/types\/page"}],"author":[{"embeddable":true,"href":"https:\/\/spivakcreaciones.com\/index.php\/wp-json\/wp\/v2\/users\/1"}],"replies":[{"embeddable":true,"href":"https:\/\/spivakcreaciones.com\/index.php\/wp-json\/wp\/v2\/comments?post=466"}],"version-history":[{"count":0,"href":"https:\/\/spivakcreaciones.com\/index.php\/wp-json\/wp\/v2\/pages\/466\/revisions"}],"wp:attachment":[{"href":"https:\/\/spivakcreaciones.com\/index.php\/wp-json\/wp\/v2\/media?parent=466"}],"curies":[{"name":"wp","href":"https:\/\/api.w.org\/{rel}","templated":true}]}}